{"id":1047,"date":"2019-09-19T22:18:40","date_gmt":"2019-09-19T20:18:40","guid":{"rendered":"https:\/\/www.statigeneralitrapianti.org\/new\/?page_id=1047"},"modified":"2024-01-15T17:21:04","modified_gmt":"2024-01-15T16:21:04","slug":"privacy-policy","status":"publish","type":"page","link":"https:\/\/www.statigeneralitrapianti.org\/sgrt23\/privacy-policy\/","title":{"rendered":"Privacy policy"},"content":{"rendered":"\t\t<div data-elementor-type=\"wp-page\" data-elementor-id=\"1047\" class=\"elementor elementor-1047\" data-elementor-settings=\"[]\">\n\t\t\t<div class=\"elementor-inner\">\n\t\t\t\t<div class=\"elementor-section-wrap\">\n\t\t\t\t\t\t\t<section class=\"elementor-element elementor-element-b80d504 elementor-section-stretched elementor-section-boxed elementor-section-height-default elementor-section-height-default elementor-section elementor-top-section\" data-id=\"b80d504\" data-element_type=\"section\" data-settings=\"{&quot;stretch_section&quot;:&quot;section-stretched&quot;,&quot;background_background&quot;:&quot;classic&quot;}\">\n\t\t\t\t\t\t<div class=\"elementor-container elementor-column-gap-default\">\n\t\t\t\t<div class=\"elementor-row\">\n\t\t\t\t<div class=\"elementor-element elementor-element-fd7c225 elementor-column elementor-col-50 elementor-top-column\" data-id=\"fd7c225\" data-element_type=\"column\">\n\t\t\t<div class=\"elementor-column-wrap  elementor-element-populated\">\n\t\t\t\t\t<div class=\"elementor-widget-wrap\">\n\t\t\t\t\t\t<\/div>\n\t\t\t<\/div>\n\t\t<\/div>\n\t\t\t\t<div class=\"elementor-element elementor-element-0047dd1 elementor-column elementor-col-50 elementor-top-column\" data-id=\"0047dd1\" data-element_type=\"column\">\n\t\t\t<div class=\"elementor-column-wrap  elementor-element-populated\">\n\t\t\t\t\t<div class=\"elementor-widget-wrap\">\n\t\t\t\t<div class=\"elementor-element elementor-element-0bff92f elementor-widget elementor-widget-wp-widget-bcn_widget\" data-id=\"0bff92f\" data-element_type=\"widget\" data-widget_type=\"wp-widget-bcn_widget.default\">\n\t\t\t\t<div class=\"elementor-widget-container\">\n\t\t\t<div class=\"breadcrumbs\" vocab=\"https:\/\/schema.org\/\" typeof=\"BreadcrumbList\"><!-- Breadcrumb NavXT 6.4.0 -->\n<span property=\"itemListElement\" typeof=\"ListItem\"><a property=\"item\" typeof=\"WebPage\" title=\"Go to Stati Generali della Rete Trapiantologica.\" href=\"https:\/\/www.statigeneralitrapianti.org\/sgrt23\" class=\"home\" aria-current=\"page\"><span property=\"name\">Stati Generali della Rete Trapiantologica<\/span><\/a><meta property=\"position\" content=\"1\"><\/span><\/div>\t\t<\/div>\n\t\t\t\t<\/div>\n\t\t\t\t\t\t<\/div>\n\t\t\t<\/div>\n\t\t<\/div>\n\t\t\t\t\t\t<\/div>\n\t\t\t<\/div>\n\t\t<\/section>\n\t\t\t\t<section class=\"elementor-element elementor-element-74f66c5 elementor-section-stretched elementor-section-boxed elementor-section-height-default elementor-section-height-default elementor-section elementor-top-section\" data-id=\"74f66c5\" data-element_type=\"section\" data-settings=\"{&quot;stretch_section&quot;:&quot;section-stretched&quot;}\">\n\t\t\t\t\t\t<div class=\"elementor-container elementor-column-gap-default\">\n\t\t\t\t<div class=\"elementor-row\">\n\t\t\t\t<div class=\"elementor-element elementor-element-515d58e elementor-column elementor-col-100 elementor-top-column\" data-id=\"515d58e\" data-element_type=\"column\">\n\t\t\t<div class=\"elementor-column-wrap  elementor-element-populated\">\n\t\t\t\t\t<div class=\"elementor-widget-wrap\">\n\t\t\t\t<div class=\"elementor-element elementor-element-ca04e5d elementor-widget elementor-widget-heading\" data-id=\"ca04e5d\" data-element_type=\"widget\" data-widget_type=\"heading.default\">\n\t\t\t\t<div class=\"elementor-widget-container\">\n\t\t\t<h2 class=\"elementor-heading-title elementor-size-default\">TRATTAMENTO DEI DATI PERSONALI PROCEDURA DI REGISTRAZIONE AGLI STATI GENERALI DELLA RETE TRAPIANTI \u2013 INFORMATIVA AI SENSI DELL\u2019ART.13 DEL REGOLAMENTO (UE) 2016\/679<\/h2>\t\t<\/div>\n\t\t\t\t<\/div>\n\t\t\t\t<div class=\"elementor-element elementor-element-3a74194 elementor-widget elementor-widget-text-editor\" data-id=\"3a74194\" data-element_type=\"widget\" data-widget_type=\"text-editor.default\">\n\t\t\t\t<div class=\"elementor-widget-container\">\n\t\t\t\t\t<div class=\"elementor-text-editor elementor-clearfix\"><p><strong>Informativa ai sensi dell\u2019art. 13 del Regolamento (UE) 2016\/679 del Parlamento europeo e del Consiglio, del 27 aprile 2016, relativo alla protezione delle persone fisiche con riguardo al trattamento dei dati personali, nonch\u00e9 alla libera circolazione di tali dati e che abroga la direttiva 95\/46\/CE (regolamento generale sulla protezione dei dati).<\/strong><\/p><p><strong>In relazione alla raccolta dei dati personali di cui sopra La informiamo di quanto segue:<\/strong><\/p><\/div>\n\t\t\t\t<\/div>\n\t\t\t\t<\/div>\n\t\t\t\t<div class=\"elementor-element elementor-element-c36b0a3 elementor-widget elementor-widget-text-editor\" data-id=\"c36b0a3\" data-element_type=\"widget\" data-widget_type=\"text-editor.default\">\n\t\t\t\t<div class=\"elementor-widget-container\">\n\t\t\t\t\t<div class=\"elementor-text-editor elementor-clearfix\"><ul>\n<li>Il Titolare del trattamento \u00e8 il Centro Nazionale Trapianti con sede in Viale Regina Elena 299 \u2013 00161 \u2013 Roma email <strong><a href=\"mailto:cnt@iss.it\">cnt@iss.it<\/a><\/strong> tel 0649904040, PEC <strong><a href=\"mailto:cnt@pec.iss.it\">cnt@pec.iss.it<\/a><\/strong>;<\/li>\n<li>Il Responsabile della Protezione dei Dati (RPD) \u00e8 raggiungibile al seguente indirizzo di posta elettronica certificata <strong><a href=\"mailto:cnt@pec.iss.it\">cnt@pec.iss.it<\/a><\/strong> ;<\/li>\n<li>la raccolta e il trattamento dei dati personali sopra indicati avverr\u00e0, sulla base del consenso da Lei espresso in sede di registrazione, esclusivamente per l\u2019erogazione dei servizi inerenti all\u2019evento e all\u2019assegnazione dei crediti per la formazione continua (ECM).;<\/li>\n<li>il conferimento dei dati richiesti \u00e8 obbligatorio ai fini delle finalit\u00e0 di cui sopra. Il mancato conferimento dei dati comporter\u00e0 l\u2019impossibilit\u00e0 di erogare il servizio;<\/li>\n<li>Sono destinatari dei dati raccolti a seguito della consultazione del sito di cui sopra i seguenti soggetti designati dal CNT, ai sensi dell&#8217;articolo 28 del Regolamento, quali responsabili del trattamento: CEC Comunicazione Eventi Congressi (Via Canton 101, 00144 Roma&#8211; P.Iva e C.F. 09792051006) quale fornitore dei servizi di sviluppo e manutenzione della piattaforma web\/quale fornitore dei servizi di sviluppo, erogazione e gestione operativa delle piattaforme tecnologiche impiegate e collegate al sito. I dati personali raccolti sono altres\u00ec trattati dal personale del CNT, che agisce sulla base di specifiche istruzioni fornite in ordine a finalit\u00e0 e modalit\u00e0 del trattamento medesimo. I dati per l\u2019accreditamento ECM saranno inviati all\u2019ufficio formazione dell\u2019Istituto Superiore di Sanit\u00e0 e ad Agenas ai fini dell\u2019assegnazione dei crediti formativitali dati saranno custoditi su archivi informatici e saranno accessibili dal Centro Nazionale per i Trapianti esclusivamente per gli scopi e le finalit\u00e0 previste. I dati per l\u2019accreditamento ECM saranno inviati all\u2019ufficio formazione dell\u2019Istituto Superiore di Sanit\u00e0 e ad Agenas. Il trattamento sar\u00e0 effettuato con l\u2019ausilio di strumenti manuali e\/o informatici e telematici, con logiche di organizzazione ed elaborazione strettamente correlate alle finalit\u00e0 stesse e comunque in modo da garantire la sicurezza, l&#8217;integrit\u00e0 e la riservatezza dei dati stessi nel rispetto delle misure organizzative, fisiche e logiche previste dalle disposizioni vigenti;<\/li>\n<li>Durante l\u2019evento di celebrazione dei 20 anni della Legge 91\/99 verranno eseguite registrazioni di immagini e prodotti audio-video al fine di documentare l\u2019evento, oltre che per predisporre pubblicazioni, video e materiale multimediale da utilizzare come strumento promozionale e divulgativo circa le attivit\u00e0 del Centro Nazionale Trapianti. La base giuridica del trattamento \u00e8 il consenso espresso dell&#8217;interessato. Tale consenso viene espresso attraverso l\u2019atto volontario dell\u2019interessato di partecipare all\u2019evento, durante il quale \u00e8 stato attivato un servizio di riprese fotografiche o video. Questi eventi saranno chiaramente identificati con apposita informativa;<\/li>\n<li>I dati personali di cui sopra saranno conservati per il tempo strettamente necessario al conseguimento delle finalit\u00e0 dell\u2019evento;<\/li>\n<li>con riferimento ai dati qui raccolti, ha diritto, ai sensi degli articoli 15 e ss. del Regolamento, di ottenere l\u2019accesso, la rettifica, la cancellazione, la limitazione del loro trattamento, la portabilit\u00e0, nonch\u00e9 di opporsi al loro trattamento, attraverso l\u2019invio di una richiesta mediante e-mail all\u2019indirizzo: cnt@pec.iss.it, non \u00e8 soggetto ad alcun vincolo di forma ed \u00e8 gratuito;<\/li>\n<li>con riferimento ai dati qui raccolti, ha diritto, ai sensi dell\u2019articolo 13 paragrafo 2 lettera c, di revocare il consenso in qualsiasi momento senza pregiudicare la liceit\u00e0 del trattamento effettuato prima della revoca<\/li>\n<li>ha diritto di proporre reclamo all\u2019Autorit\u00e0 Garante per la Protezione dei Dati Personali, con sede in Roma, Piazza Venezia n, 11 cap 00187.<\/li>\n<\/ul><\/div>\n\t\t\t\t<\/div>\n\t\t\t\t<\/div>\n\t\t\t\t\t\t<\/div>\n\t\t\t<\/div>\n\t\t<\/div>\n\t\t\t\t\t\t<\/div>\n\t\t\t<\/div>\n\t\t<\/section>\n\t\t\t\t\t\t<\/div>\n\t\t\t<\/div>\n\t\t<\/div>\n\t\t","protected":false},"excerpt":{"rendered":"<p>TRATTAMENTO DEI DATI PERSONALI PROCEDURA DI REGISTRAZIONE AGLI STATI GENERALI DELLA RETE TRAPIANTI \u2013 INFORMATIVA AI SENSI DELL\u2019ART.13 DEL REGOLAMENTO (UE) 2016\/679 Informativa ai sensi dell\u2019art. 13 del Regolamento (UE) 2016\/679 del Parlamento europeo e del Consiglio, del 27 aprile 2016, relativo alla protezione delle persone fisiche con riguardo al trattamento dei dati personali, nonch\u00e9 [&hellip;]<\/p>\n","protected":false},"author":1,"featured_media":0,"parent":0,"menu_order":0,"comment_status":"closed","ping_status":"closed","template":"","meta":[],"_links":{"self":[{"href":"https:\/\/www.statigeneralitrapianti.org\/sgrt23\/wp-json\/wp\/v2\/pages\/1047"}],"collection":[{"href":"https:\/\/www.statigeneralitrapianti.org\/sgrt23\/wp-json\/wp\/v2\/pages"}],"about":[{"href":"https:\/\/www.statigeneralitrapianti.org\/sgrt23\/wp-json\/wp\/v2\/types\/page"}],"author":[{"embeddable":true,"href":"https:\/\/www.statigeneralitrapianti.org\/sgrt23\/wp-json\/wp\/v2\/users\/1"}],"replies":[{"embeddable":true,"href":"https:\/\/www.statigeneralitrapianti.org\/sgrt23\/wp-json\/wp\/v2\/comments?post=1047"}],"version-history":[{"count":10,"href":"https:\/\/www.statigeneralitrapianti.org\/sgrt23\/wp-json\/wp\/v2\/pages\/1047\/revisions"}],"predecessor-version":[{"id":3204,"href":"https:\/\/www.statigeneralitrapianti.org\/sgrt23\/wp-json\/wp\/v2\/pages\/1047\/revisions\/3204"}],"wp:attachment":[{"href":"https:\/\/www.statigeneralitrapianti.org\/sgrt23\/wp-json\/wp\/v2\/media?parent=1047"}],"curies":[{"name":"wp","href":"https:\/\/api.w.org\/{rel}","templated":true}]}}