{"id":1041,"date":"2019-09-19T22:15:09","date_gmt":"2019-09-19T20:15:09","guid":{"rendered":"https:\/\/www.statigeneralitrapianti.org\/new\/?page_id=1041"},"modified":"2023-12-29T16:00:58","modified_gmt":"2023-12-29T15:00:58","slug":"cookie-policy","status":"publish","type":"page","link":"https:\/\/www.statigeneralitrapianti.org\/sgrt23\/cookie-policy\/","title":{"rendered":"Cookie policy"},"content":{"rendered":"\t\t<div data-elementor-type=\"wp-page\" data-elementor-id=\"1041\" class=\"elementor elementor-1041\" data-elementor-settings=\"[]\">\n\t\t\t<div class=\"elementor-inner\">\n\t\t\t\t<div class=\"elementor-section-wrap\">\n\t\t\t\t\t\t\t<section class=\"elementor-element elementor-element-96e8831 elementor-section-stretched elementor-section-boxed elementor-section-height-default elementor-section-height-default elementor-section elementor-top-section\" data-id=\"96e8831\" data-element_type=\"section\" data-settings=\"{&quot;stretch_section&quot;:&quot;section-stretched&quot;,&quot;background_background&quot;:&quot;classic&quot;}\">\n\t\t\t\t\t\t<div class=\"elementor-container elementor-column-gap-default\">\n\t\t\t\t<div class=\"elementor-row\">\n\t\t\t\t<div class=\"elementor-element elementor-element-5c389f3 elementor-column elementor-col-50 elementor-top-column\" data-id=\"5c389f3\" data-element_type=\"column\">\n\t\t\t<div class=\"elementor-column-wrap  elementor-element-populated\">\n\t\t\t\t\t<div class=\"elementor-widget-wrap\">\n\t\t\t\t\t\t<\/div>\n\t\t\t<\/div>\n\t\t<\/div>\n\t\t\t\t<div class=\"elementor-element elementor-element-fa2174b elementor-column elementor-col-50 elementor-top-column\" data-id=\"fa2174b\" data-element_type=\"column\">\n\t\t\t<div class=\"elementor-column-wrap  elementor-element-populated\">\n\t\t\t\t\t<div class=\"elementor-widget-wrap\">\n\t\t\t\t<div class=\"elementor-element elementor-element-dc2af9b elementor-widget elementor-widget-wp-widget-bcn_widget\" data-id=\"dc2af9b\" data-element_type=\"widget\" data-widget_type=\"wp-widget-bcn_widget.default\">\n\t\t\t\t<div class=\"elementor-widget-container\">\n\t\t\t<div class=\"breadcrumbs\" vocab=\"https:\/\/schema.org\/\" typeof=\"BreadcrumbList\"><!-- Breadcrumb NavXT 6.4.0 -->\n<span property=\"itemListElement\" typeof=\"ListItem\"><a property=\"item\" typeof=\"WebPage\" title=\"Go to Stati Generali della Rete Trapiantologica.\" href=\"https:\/\/www.statigeneralitrapianti.org\/sgrt23\" class=\"home\" aria-current=\"page\"><span property=\"name\">Stati Generali della Rete Trapiantologica<\/span><\/a><meta property=\"position\" content=\"1\"><\/span><\/div>\t\t<\/div>\n\t\t\t\t<\/div>\n\t\t\t\t\t\t<\/div>\n\t\t\t<\/div>\n\t\t<\/div>\n\t\t\t\t\t\t<\/div>\n\t\t\t<\/div>\n\t\t<\/section>\n\t\t\t\t<section class=\"elementor-element elementor-element-9a443ba elementor-section-stretched elementor-section-boxed elementor-section-height-default elementor-section-height-default elementor-section elementor-top-section\" data-id=\"9a443ba\" data-element_type=\"section\" data-settings=\"{&quot;stretch_section&quot;:&quot;section-stretched&quot;}\">\n\t\t\t\t\t\t<div class=\"elementor-container elementor-column-gap-default\">\n\t\t\t\t<div class=\"elementor-row\">\n\t\t\t\t<div class=\"elementor-element elementor-element-4242bf1 elementor-column elementor-col-100 elementor-top-column\" data-id=\"4242bf1\" data-element_type=\"column\">\n\t\t\t<div class=\"elementor-column-wrap  elementor-element-populated\">\n\t\t\t\t\t<div class=\"elementor-widget-wrap\">\n\t\t\t\t<div class=\"elementor-element elementor-element-873240b elementor-widget elementor-widget-heading\" data-id=\"873240b\" data-element_type=\"widget\" data-widget_type=\"heading.default\">\n\t\t\t\t<div class=\"elementor-widget-container\">\n\t\t\t<h2 class=\"elementor-heading-title elementor-size-default\">INFORMAZIONI SUL TRATTAMENTO DEI DATI PERSONALI<br>\ndegli utenti che consultano il sito web www.statigeneralitrapianti.org\/<br>\nai sensi dell'articolo 13 del Regolamento (UE) 2016\/679<\/h2>\t\t<\/div>\n\t\t\t\t<\/div>\n\t\t\t\t<div class=\"elementor-element elementor-element-85fc2a8 elementor-widget elementor-widget-text-editor\" data-id=\"85fc2a8\" data-element_type=\"widget\" data-widget_type=\"text-editor.default\">\n\t\t\t\t<div class=\"elementor-widget-container\">\n\t\t\t\t\t<div class=\"elementor-text-editor elementor-clearfix\"><p>Ai sensi del Regolamento (UE) 2016\/679 (di seguito &#8220;Regolamento&#8221;), questa pagina descrive le modalit\u00e0 di trattamento dei dati personali degli utenti che consultano il sito www.statigeneralitrapianti.org, accessibile per via telematica a partire dall\u2019indirizzo www.statigeneralitrapianti.org, corrispondente alla pagina iniziale del sito www.statigeneralitrapianti.org<\/p><p>L\u2019informativa, resa a coloro che interagiscono con i servizi web del sito www.statigenerali.org, vale solo per tale sito e non per altri siti web eventualmente consultati dall\u2019utente tramite link.<br \/><br \/>L\u2019informativa si ispira anche alla Raccomandazione n. 2\/2001 che le autorit\u00e0 europee per la protezione dei dati personali, riunite nel Gruppo istituito dall\u2019art. 29 della Direttiva n. 95\/46\/CE, hanno adottato il 17 maggio 2001 per individuare alcuni requisiti minimi per la raccolta di dati personali on-line, e, in particolare, le modalit\u00e0, i tempi e la natura delle informazioni che i titolari del trattamento devono fornire agli utenti quando questi si collegano a pagine web, indipendentemente dagli scopi del collegamento.<\/p><h3>TITOLARE DEL TRATTAMENTO<\/h3><p>A seguito della consultazione del sito sopra elencato possono essere trattati dati relativi a persone fisiche identificate o identificabili.<br \/>Il titolare del trattamento dei dati personali \u00e8 il Centro Nazionale Trapianti (CNT), con sede legale in viale Regina Elena n. 299, 00161 \u2013 Roma, nella persona del Direttore generale, raggiungibile al seguente recapito di posta elettronica: cnt@pec.iss.it.<\/p><h3>RESPONSABILE DELLA PROTEZIONE DEI DATI<\/h3><p>In accordo con il RGPD, il CNT ha provveduto a dotarsi di un Responsabile della Protezione dei Dati Personali (DPO), raggiungibile al seguente recapito di posta elettronica: cnt@pec.iss.it<\/p><h3><strong>FINALITA\u2019 E BASE GIURIDICA DEL TRATTAMENTO<\/strong><\/h3><p>I dati personali raccolti nei moduli di registrazione ai servizi del sito Stati Generali Trapianti verranno utilizzati esclusivamente per l\u2019erogazione dei servizi congressuali e dei servizi legati all\u2019accreditamento per i \u201cCrediti Formativi ECM\u201d.<\/p><h3>TIPI DI DATI TRATTATI<\/h3><h4>DATI DI NAVIGAZIONE<\/h4><p>I sistemi informatici e le procedure software preposte al funzionamento di questo sito web acquisiscono, nel corso del loro normale esercizio, alcuni dati personali la cui trasmissione \u00e8 implicita nell\u2019uso dei protocolli di comunicazione di Internet. Si tratta di informazioni che non sono raccolte per essere associate a interessati identificati, ma che per loro stessa natura potrebbero, attraverso elaborazioni ed associazioni con dati detenuti da terzi, permettere di identificare gli utenti. In questa categoria di dati rientrano gli indirizzi IP o i nomi a dominio dei computer e dei terminali utilizzati dagli utenti che si connettono al sito, gli indirizzi in notazione URI\/URL (Uniform Resource Identifier\/Locator) delle risorse richieste, l\u2019orario della richiesta, il metodo utilizzato nel sottoporre la richiesta al server, la dimensione del file ottenuto in risposta, il codice numerico indicante lo stato della risposta data dal server (buon fine, errore, ecc.) ed altri parametri relativi al sistema operativo e all\u2019ambiente informatico dell\u2019utente. Tali dati vengono utilizzati al solo fine di ricavare informazioni statistiche anonime sull\u2019uso del sito e per controllarne il corretto funzionamento e vengono cancellati immediatamente dopo l\u2019elaborazione. I dati potrebbero essere utilizzati per l\u2019accertamento di responsabilit\u00e0 in caso di ipotetici reati informatici ai danni del sito.<\/p><h4>DATI FORNITI VOLONTARIAMENTE DALL\u2019UTENTE<\/h4><p>L\u2019invio facoltativo, esplicito e volontario di messaggi di posta elettronica agli indirizzi indicati su questo sito, nonch\u00e9 la compilazione e l\u2019inoltro dei moduli presenti sul sito, comportano la successiva acquisizione dei dati di contatto del mittente, necessari per rispondere alle richieste, nonch\u00e9 degli eventuali altri dati personali inseriti nelle comunicazioni.<br \/>Specifiche informative verranno pubblicate nelle pagine dei siti del Garante predisposte per l&#8217;erogazione di determinati servizi<\/p><h4>COOKIES<\/h4><p>I cookie sono piccoli file di testo che i siti visitati inviano al terminale dell\u2019utente, dove vengono memorizzati, per poi essere ritrasmessi agli stessi siti alla visita successiva.<\/p><p>Il sito www.statigeneralitrapianti.org utilizza:<\/p><ul><li><strong>Cookie tecnici di sessione<\/strong> il cui utilizzo non \u00e8 strumentale alla raccolta di dati personali identificativi dell\u2019utente, essendo limitato alla sola trasmissione di dati identificativi di sessione nella forma di numeri generati automaticamente dal server.<\/li><li><strong>Cookie di sessione<\/strong> non sono memorizzati in modo persistente sul dispositivo dell\u2019utente e vengono cancellati automaticamente alla chiusura del browser.<\/li><li><strong>Cookies analytics<\/strong> utilizzati per raccogliere informazioni, in forma aggregata, sul numero degli utenti e su come gli stessi visitano il sito. Il sito www.statigeneralitrapianti.org si avvale del servizio Google Analytics, la cui cookie policy pu\u00f2 essere visionata a questo link. Al fine di rispettare la privacy dei nostri utenti, il servizio \u00e8 utilizzato con la modalit\u00e0 \u201c_anonymizeip\u201d che consente di mascherare gli indirizzi IP degli utenti che navigano sul sito internet: maggiori informazioni sulla funzionalit\u00e0. I dati sono raccolti all\u2019unico fine di elaborare informazioni statistiche anonime sull\u2019uso del sito e per verificare il corretto funzionamento dello stesso; i dati di navigazione potrebbero essere utilizzati in vista dell\u2019identificazione dell\u2019utente solo nel caso in cui ci\u00f2 fosse necessario per l\u2019accertamento di reati di natura informatica.<\/li><li><strong>Cookie di profilazione<\/strong> non vengono utilizzati su questo sito.<\/li><\/ul><p>La maggior parte dei browser accetta i cookies automaticamente, ma \u00e8 possibile scegliere di abilitare o disabilitare i cookies sul proprio dispositivo intervenendo sulle impostazioni del proprio browser di navigazione secondo le istruzioni rese disponibili dai siti ufficiali dei browser:<\/p><p>\u2022 <a href=\"http:\/\/windows.microsoft.com\/it-it\/windows7\/block-enable-or-allow-cookies\">Microsoft Internet Explorer<\/a><br \/>\u2022 <a href=\"https:\/\/support.google.com\/accounts\/answer\/61416?hl=it\">Google Chrome<\/a><br \/>\u2022 <a href=\"https:\/\/support.apple.com\/kb\/PH19214?locale=it_IT\">Apple Safari<\/a><br \/>\u2022 <a href=\"https:\/\/support.mozilla.org\/it\/kb\/Attivare%20e%20disattivare%20i%20cookie\">Mozilla Firefox<\/a><br \/>\u2022 <a href=\"http:\/\/help.opera.com\/Windows\/10.00\/it\/cookies.html\">Opera<\/a><\/p><h3>FACOLTATIVIT\u00c0 DEL CONFERIMENTO DEI DATI<\/h3><p>A parte quanto specificato per i dati di navigazione, l\u2019utente \u00e8 libero di fornire i dati personali riportati nei moduli di registrazione ai servizi del sito Stati Generali Trapianti e di richiesta diinformazioni .<br \/>Il loro mancato conferimento pu\u00f2 comportare l\u2019impossibilit\u00e0 di ottenere il servizio richiesto.<\/p><h3>DESTINATARI DEI DATI<\/h3><p>Sono destinatari dei dati raccolti a seguito della consultazione del sito di cui sopra i seguenti soggetti designati dal CNT, ai sensi dell&#8217;articolo 28 del Regolamento, quali responsabili del trattamento:<br \/>Roma Congressi S.r.l. (Corso Trieste 165, 00198 Roma&#8211; P.Iva e C.F. 01654761004) quale fornitore dei servizi di sviluppo e manutenzione della piattaforma web\/quale fornitore dei servizi di sviluppo, erogazione e gestione operativa delle piattaforme tecnologiche impiegate e collegate al sito.<br \/>I dati personali raccolti sono altres\u00ec trattati dal personale del CNT, che agisce sulla base di specifiche istruzioni fornite in ordine a finalit\u00e0 e modalit\u00e0 del trattamento medesimo.<br \/>I dati per l\u2019accreditamento ECM saranno inviati all\u2019ufficio formazione dell\u2019Istituto Superiore di Sanit\u00e0 e ad Agenas ai fini dell\u2019assegnazione dei crediti formativi<\/p><h3>PERIODO DI CONSERVAZIONE DEI DATI PERSONALI<\/h3><p>I dati personali saranno conservati per il tempo strettamente necessario al conseguimento delle finalit\u00e0 di cui sopra per le quali sono trattati, fermi restando i tempi di conservazione previsti dalla legge.<\/p><h3>MODALIT\u00c0 DEL TRATTAMENTO<\/h3><p>I dati personali sono trattati con strumenti automatizzati per il tempo strettamente necessario a conseguire gli scopi per cui sono stati raccolti. Specifiche misure di sicurezza sono osservate per prevenire la perdita dei dati, usi illeciti o non corretti ed accessi non autorizzati.<\/p><h3>DIRITTI DEGLI INTERESSATI<\/h3><p>Gli interessati hanno il diritto di ottenere dal CNT, nei casi previsti, l&#8217;accesso ai dati personali e la rettifica o la cancellazione degli stessi o la limitazione del trattamento che li riguarda o di opporsi al trattamento (artt. 15 e ss. del Regolamento). L\u2019esercizio dei propri diritti potr\u00e0 avvenire attraverso l\u2019invio di una richiesta mediante e-mail all\u2019indirizzo: cnt@pec.iss.it , non \u00e8 soggetto ad alcun vincolo di forma ed \u00e8 gratuito.<\/p><h3>DIRITTO DI RECLAMO<\/h3><p>Gli interessati che ritengono che il trattamento dei dati personali a loro riferiti effettuato attraverso questo sito avvenga in violazione di quanto previsto dal Regolamento hanno il diritto di proporre reclamo al Autorit\u00e0 Garante per la Protezione dei Dati Personali, con sede in Roma, Piazza di Monte Citorio n.121, cap 00187, agli indirizzi specificatamente pubblicati sul sito istituzionale dell\u2019Autorit\u00e0 stessa (www.garanteprivacy.it) come previsto dall&#8217;art. 77 del Regolamento stesso, o di adire le opportune sedi giudiziarie (art. 79 del Regolamento).<\/p><\/div>\n\t\t\t\t<\/div>\n\t\t\t\t<\/div>\n\t\t\t\t\t\t<\/div>\n\t\t\t<\/div>\n\t\t<\/div>\n\t\t\t\t\t\t<\/div>\n\t\t\t<\/div>\n\t\t<\/section>\n\t\t\t\t\t\t<\/div>\n\t\t\t<\/div>\n\t\t<\/div>\n\t\t","protected":false},"excerpt":{"rendered":"<p>INFORMAZIONI SUL TRATTAMENTO DEI DATI PERSONALI degli utenti che consultano il sito web www.statigeneralitrapianti.org\/ ai sensi dell&#8217;articolo 13 del Regolamento (UE) 2016\/679 Ai sensi del Regolamento (UE) 2016\/679 (di seguito &#8220;Regolamento&#8221;), questa pagina descrive le modalit\u00e0 di trattamento dei dati personali degli utenti che consultano il sito www.statigeneralitrapianti.org, accessibile per via telematica a partire dall\u2019indirizzo [&hellip;]<\/p>\n","protected":false},"author":1,"featured_media":0,"parent":0,"menu_order":0,"comment_status":"closed","ping_status":"closed","template":"","meta":[],"_links":{"self":[{"href":"https:\/\/www.statigeneralitrapianti.org\/sgrt23\/wp-json\/wp\/v2\/pages\/1041"}],"collection":[{"href":"https:\/\/www.statigeneralitrapianti.org\/sgrt23\/wp-json\/wp\/v2\/pages"}],"about":[{"href":"https:\/\/www.statigeneralitrapianti.org\/sgrt23\/wp-json\/wp\/v2\/types\/page"}],"author":[{"embeddable":true,"href":"https:\/\/www.statigeneralitrapianti.org\/sgrt23\/wp-json\/wp\/v2\/users\/1"}],"replies":[{"embeddable":true,"href":"https:\/\/www.statigeneralitrapianti.org\/sgrt23\/wp-json\/wp\/v2\/comments?post=1041"}],"version-history":[{"count":10,"href":"https:\/\/www.statigeneralitrapianti.org\/sgrt23\/wp-json\/wp\/v2\/pages\/1041\/revisions"}],"predecessor-version":[{"id":3045,"href":"https:\/\/www.statigeneralitrapianti.org\/sgrt23\/wp-json\/wp\/v2\/pages\/1041\/revisions\/3045"}],"wp:attachment":[{"href":"https:\/\/www.statigeneralitrapianti.org\/sgrt23\/wp-json\/wp\/v2\/media?parent=1041"}],"curies":[{"name":"wp","href":"https:\/\/api.w.org\/{rel}","templated":true}]}}